{"id":1029,"date":"2018-11-09T16:09:54","date_gmt":"2018-11-09T16:09:54","guid":{"rendered":"http:\/\/patricia-maytree.de\/?page_id=1029"},"modified":"2018-11-09T18:23:18","modified_gmt":"2018-11-09T18:23:18","slug":"widerrufsrecht","status":"publish","type":"page","link":"https:\/\/patricia-maytree.de\/?page_id=1029","title":{"rendered":"Widerrufsrecht"},"content":{"rendered":"<p><strong>Widerrufsrecht<\/strong><\/p>\n<p>Wir verkaufen ausschlie\u00dflich digitale Inhalte, die nicht auf einem k\u00f6rperlichen Datentr\u00e4ger geliefert werden.<\/p>\n<p>Sie haben das Recht, binnen vierzehn Tagen ab Kauf\/Vertragsabschluss, ohne Angabe von Gr\u00fcnden diesen Vertrag zu widerrufen. (die Dateien in diesem OnlineShop werden per Direktdownload zur Verf\u00fcgung gestellt, daher ist das Kaufdatum gleich dem Zustelldatum bzw. Datum des Vertragsabschluss). Um Ihr Widerrufsrecht auszu\u00fcben, m\u00fcssen Sie uns an:<\/p>\n<p>P.a.t.r.i.c.i.a M.a.i.b.a.u.m<br \/>\nJ.a.h.n.s.t.r.a.\u00df.e 3.8. C<br \/>\n5.3.7.9.7 L.o.h.m.a.r<\/p>\n<p>Telefon: 0157 59104987<br \/>\nEmail: bestellung(at)Patricia-maytree.de<\/p>\n<p>mittels einer eindeutigen Erkl\u00e4rung (z. B. ein mit der Post versandter Brief oder E-Mail) \u00fcber Ihren Entschluss, diesen Vertrag zu widerrufen, informieren. Gerne k\u00f6nnen Sie das beigef\u00fcgte Musterformular nutzen, dies ist aber nicht vorgeschrieben.<\/p>\n<p>Zur Wahrung der Widerrufsfrist reicht es aus, dass Sie die Mitteilung \u00fcber die Aus\u00fcbung des Widerrufsrechts vor Ablauf der Widerrufsfrist absenden.<\/p>\n<p><strong>Folgen des Widerrufs:<\/strong><\/p>\n<p>Wenn Sie diesen Vertrag widerrufen, haben wir Ihnen alle Zahlungen, die wir von Ihnen erhalten haben, unverz\u00fcglich und sp\u00e4testens binnen sieben Tagen ab dem Tag zur\u00fcckzuzahlen, an dem die Mitteilung \u00fcber Ihren Widerruf dieses Vertrags bei uns eingegangen ist.<\/p>\n<p>F\u00fcr diese R\u00fcckzahlung verwenden wir dasselbe Zahlungsmittel, das Sie bei der urspr\u00fcnglichen Transaktion eingesetzt haben, es sei denn, mit Ihnen wurde ausdr\u00fccklich etwas anderes vereinbart; in keinem Fall werden Ihnen wegen dieser R\u00fcckzahlung Entgelte berechnet.<\/p>\n<p><strong>Ende der Widerrufsbelehrung<\/strong><\/p>\n<hr \/>\n<p><strong>Muster f\u00fcr ein\u00a0Widerrufsformular<\/strong><\/p>\n<p>(Wenn Sie den Vertrag widerrufen wollen, dann verwenden Sie folgende Inhalte und senden es uns\u00a0zur\u00fcck.)<\/p>\n<p>An:<br \/>\nP.a.t.r.i.c.i.a M.a.i.b.a.u.m<br \/>\nJ.a.h.n.s.t.r.a.\u00df.e 3.8. C<br \/>\n5.3.7.9.7 L.o.h.m.a.r<br \/>\n-Deutschland-<br \/>\nbestellung(at)Patricia-maytree.de<\/p>\n<p>Hiermit widerrufe(n) ich\/wir:<\/p>\n<p>den abgeschlossenen Vertrag \u00fcber den Kauf der folgenden digitalen Inhalte:<\/p>\n<p>Bestellt am:<\/p>\n<p>erhalten am:<\/p>\n<p>Name des K\u00e4ufers:<\/p>\n<p>Anschrift des K\u00e4ufers:<\/p>\n<p>Email Adresse des K\u00e4ufers:<\/p>\n<p>Unterschrift des K\u00e4ufers (nur bei Mitteilung auf Papier notwendig):<\/p>\n<p>Datum:<\/p>\n<hr \/>\n<p>&#8212;<\/p>\n","protected":false},"excerpt":{"rendered":"<p>Widerrufsrecht Wir verkaufen ausschlie\u00dflich digitale Inhalte, die nicht auf einem k\u00f6rperlichen Datentr\u00e4ger geliefert werden. Sie haben das Recht, binnen vierzehn Tagen ab Kauf\/Vertragsabschluss, ohne Angabe von Gr\u00fcnden diesen Vertrag zu widerrufen. (die Dateien in diesem OnlineShop werden per Direktdownload zur &hellip; <a href=\"https:\/\/patricia-maytree.de\/?page_id=1029\">Weiterlesen <span class=\"meta-nav\">&rarr;<\/span><\/a><\/p>\n","protected":false},"author":2,"featured_media":0,"parent":0,"menu_order":0,"comment_status":"closed","ping_status":"closed","template":"","meta":{"jetpack_post_was_ever_published":false},"jetpack_sharing_enabled":false,"jetpack_shortlink":"https:\/\/wp.me\/P4dTU8-gB","_links":{"self":[{"href":"https:\/\/patricia-maytree.de\/index.php?rest_route=\/wp\/v2\/pages\/1029"}],"collection":[{"href":"https:\/\/patricia-maytree.de\/index.php?rest_route=\/wp\/v2\/pages"}],"about":[{"href":"https:\/\/patricia-maytree.de\/index.php?rest_route=\/wp\/v2\/types\/page"}],"author":[{"embeddable":true,"href":"https:\/\/patricia-maytree.de\/index.php?rest_route=\/wp\/v2\/users\/2"}],"replies":[{"embeddable":true,"href":"https:\/\/patricia-maytree.de\/index.php?rest_route=%2Fwp%2Fv2%2Fcomments&post=1029"}],"version-history":[{"count":4,"href":"https:\/\/patricia-maytree.de\/index.php?rest_route=\/wp\/v2\/pages\/1029\/revisions"}],"predecessor-version":[{"id":1053,"href":"https:\/\/patricia-maytree.de\/index.php?rest_route=\/wp\/v2\/pages\/1029\/revisions\/1053"}],"wp:attachment":[{"href":"https:\/\/patricia-maytree.de\/index.php?rest_route=%2Fwp%2Fv2%2Fmedia&parent=1029"}],"curies":[{"name":"wp","href":"https:\/\/api.w.org\/{rel}","templated":true}]}}